{"id":443379,"date":"2025-05-14T15:45:36","date_gmt":"2025-05-14T15:45:36","guid":{"rendered":"https:\/\/sunsetandswim.com\/products\/sunset-and-swim-zip-up-badeanzug-mit-reissverschluss\/"},"modified":"2025-05-14T15:45:36","modified_gmt":"2025-05-14T15:45:36","slug":"sunset-and-swim-zip-up-badeanzug-mit-reissverschluss","status":"publish","type":"product","link":"https:\/\/sunsetandswim.com\/de\/products\/sunset-and-swim-zip-up-badeanzug-mit-reissverschluss\/","title":{"rendered":"Sunset and Swim Zip Up Badeanzug mit Rei\u00dfverschluss"},"content":{"rendered":"<p>Entdecken Sie den neuen Sunset and Swim Zipper Zip Up Swimsuit. Dieser leichte Badeanzug ist besonders weich und verf\u00fcgt \u00fcber einen durchgehenden Rei\u00dfverschluss f\u00fcr einfaches Tragen und ein traumhaftes Design, das einen umwerfenden Look kreiert. Genie\u00dfen Sie unvergleichlichen Komfort und subtile Raffinesse mit dem Sunset and Swim Zipper Zip Up Swimsuit.  <\/p>\n<p>\ud83d\udc49 <a class=\"\" href=\"https:\/\/sunsetandswim.com\/de\/kategorien\/badeanzuge-mit-reisverschluss\/\" target=\"_new\" rel=\"noopener\" data-start=\"568\" data-end=\"655\">Entdecken Sie weitere Badeanz\u00fcge mit Rei\u00dfverschluss<\/a>, die f\u00fcr klare Linien, weichen Komfort und m\u00fchelose Attraktivit\u00e4t stehen.<\/p>\n<p>&nbsp;<\/p>\n<div class=\"detailmodule_html\">\n<div class=\"detail-desc-decorate-richtext\">\n<div id=\"offer-template-0\"><img decoding=\"async\" src=\"https:\/\/ae01.alicdn.com\/kf\/Sb3359977d90c4088844e6e6f189beca8d.jpg?width=775&amp;height=772&amp;hash=1547\" alt=\"undefiniert\"><\/div>\n<p align=\"center\"> <img decoding=\"async\" src=\"https:\/\/ae01.alicdn.com\/kf\/Sd6505cd3cf8a406e8db50d3fd2930de50.jpg?width=600&amp;height=800&amp;hash=1400\"><\/p>\n<p><img decoding=\"async\" src=\"https:\/\/ae01.alicdn.com\/kf\/Sef5f8c4d501c4e1b98c91a7a93f59e4be.jpg?width=600&amp;height=800&amp;hash=1400\"><\/p>\n<p><img decoding=\"async\" src=\"https:\/\/ae01.alicdn.com\/kf\/S63b6e81204fe4c399fb06ccb4e9ba671h.jpg?width=591&amp;height=737&amp;hash=1328\"><\/p>\n<p><img decoding=\"async\" src=\"https:\/\/ae01.alicdn.com\/kf\/S9fc0c8d938b54210a127c8b41a41c48dw.jpg?width=600&amp;height=799&amp;hash=1399\"><\/p>\n<p><img decoding=\"async\" src=\"https:\/\/ae01.alicdn.com\/kf\/Scb42b9b354ba4ee3bff82fec03115781L.jpg?width=600&amp;height=799&amp;hash=1399\"><\/p>\n<p align=\"center\"><span style=\"font-family: simsun; font-size: 26.0pt;\"><img fetchpriority=\"high\" decoding=\"async\" src=\"https:\/\/ae01.alicdn.com\/kf\/Sd6d02b8e890a4bee8a6e429b61990d25z.jpg?width=1080&amp;height=1080&amp;hash=2160\" width=\"790\" height=\"790\"><\/span><\/p>\n<p><img decoding=\"async\" src=\"https:\/\/ae01.alicdn.com\/kf\/Saa1e1086d124493e83d9b296acf04817N.jpg?width=1080&amp;height=1080&amp;hash=2160\" width=\"790\" height=\"790\"><\/p>\n<p><img decoding=\"async\" src=\"https:\/\/ae01.alicdn.com\/kf\/S9b998440dfe34ab68bf0699b732742ac0.jpg?width=1080&amp;height=1080&amp;hash=2160\" width=\"790\" height=\"790\"><\/p>\n<p align=\"center\"><span style=\"font-family: simsun; font-size: 26.0pt;\"><img loading=\"lazy\" decoding=\"async\" src=\"https:\/\/ae01.alicdn.com\/kf\/S4d0dc47eed0a460abb8e443e27e026ada.jpg?width=1080&amp;height=1080&amp;hash=2160\" width=\"790\" height=\"790\"><\/span><\/p>\n<p><img loading=\"lazy\" decoding=\"async\" src=\"https:\/\/ae01.alicdn.com\/kf\/S23be573d079e4ec4a866fda18d8de8c0E.jpg?width=1080&amp;height=1080&amp;hash=2160\" width=\"790\" height=\"790\"><\/p>\n<p align=\"center\"><span style=\"font-family: simsun; font-size: 26.0pt;\"><img loading=\"lazy\" decoding=\"async\" src=\"https:\/\/ae01.alicdn.com\/kf\/S709c7f7425d0484eb2e1f54afa7dd435w.jpg?width=1080&amp;height=1080&amp;hash=2160\" width=\"790\" height=\"790\"><\/span><\/p>\n<p align=\"center\"><span style=\"font-family: simsun; font-size: 26.0pt;\"><img loading=\"lazy\" decoding=\"async\" src=\"https:\/\/ae01.alicdn.com\/kf\/S8b951ce9353a4f178115793533bca619u.jpg?width=1080&amp;height=1080&amp;hash=2160\" width=\"790\" height=\"790\"><\/span><\/p>\n<p><img decoding=\"async\" src=\"https:\/\/ae01.alicdn.com\/kf\/S6d874f17d5354e1c93f5b1be8f688f62U.jpg?width=803&amp;height=867&amp;hash=1670\" width=\"790\" height=\"852.9638854296389\"><\/p>\n<p align=\"center\"><span style=\"font-family: simsun; font-size: 26.0pt;\"><img loading=\"lazy\" decoding=\"async\" src=\"https:\/\/ae01.alicdn.com\/kf\/S567fa6b4bf6e47518090267543afe81f4.jpg?width=800&amp;height=800&amp;hash=1600\" alt=\"1926\" width=\"790\" height=\"790\"><\/span><\/p>\n<p align=\"center\"><span style=\"font-family: simsun; font-size: 26.0pt;\"><br \/>\n<img loading=\"lazy\" decoding=\"async\" src=\"https:\/\/ae01.alicdn.com\/kf\/Sf4ad92440e0b4cd9936a17f8d7343c5aa.jpg?width=800&amp;height=800&amp;hash=1600\" alt=\"undefiniert\" width=\"790\" height=\"790\"><\/span><\/p>\n<p align=\"center\"><span style=\"font-family: simsun; font-size: 26.0pt;\"><img loading=\"lazy\" decoding=\"async\" src=\"https:\/\/ae01.alicdn.com\/kf\/Sfd38c4a322a941fdb5724bc13ce71eecA.jpg?width=800&amp;height=800&amp;hash=1600\" width=\"790\" height=\"790\"><\/span><\/p>\n<p align=\"center\"><span style=\"font-family: simsun; font-size: 26.0pt;\"><img decoding=\"async\" src=\"https:\/\/ae01.alicdn.com\/kf\/Sc185d87bb79645819ff56e6bb89255e7v.jpg?width=1080&amp;height=1350&amp;hash=2430\" width=\"790\" height=\"987.5\"><\/span><\/p>\n<p><img loading=\"lazy\" decoding=\"async\" src=\"https:\/\/ae01.alicdn.com\/kf\/Sb6fe5ba54ce3467eb291f6b87711707dA.jpg?width=1200&amp;height=1200&amp;hash=2400\" width=\"790\" height=\"790\"><\/p>\n<p><img decoding=\"async\" src=\"https:\/\/ae01.alicdn.com\/kf\/Sc9431e47b4544da0b11478e212839344a.jpg?width=1080&amp;height=1350&amp;hash=2430\" width=\"790\" height=\"987.5\"><\/p>\n<p align=\"center\"><strong><span style=\"font-family: simsun; font-size: 26.0pt; color: #ff00ff;\"> <\/span><\/strong><\/p>\n<p align=\"center\"><strong><span style=\"font-family: simsun; font-size: 26.0pt; color: #ff00ff;\"><img decoding=\"async\" src=\"https:\/\/ae01.alicdn.com\/kf\/S27c5827b96bf46e3a71fca6e0a162d9af.jpg?width=819&amp;height=927&amp;hash=1746\" width=\"790\" height=\"894.1758241758242\"><\/span><\/strong><\/p>\n<p><img decoding=\"async\" src=\"https:\/\/ae01.alicdn.com\/kf\/S7af623ccf59444e8a58f2b85dbe47e0aE.jpg?width=819&amp;height=927&amp;hash=1746\" width=\"790\" height=\"894.1758241758242\"><\/p>\n<p><img decoding=\"async\" src=\"https:\/\/ae01.alicdn.com\/kf\/S59cd9490a0fe470da79c4e090b0230f6m.jpg?width=819&amp;height=927&amp;hash=1746\" width=\"790\" height=\"894.1758241758242\"><\/p>\n<p align=\"center\"><strong><span style=\"font-family: simsun; font-size: 26.0pt; color: #ff00ff;\"><img decoding=\"async\" src=\"https:\/\/ae01.alicdn.com\/kf\/S39a3871c949e4f5faad082c3c2e46529M.jpg?width=1080&amp;height=1349&amp;hash=2429\" alt=\"undefiniert\" width=\"790\" height=\"986.7685185185186\"><\/span><\/strong><\/p>\n<p><img decoding=\"async\" src=\"https:\/\/ae01.alicdn.com\/kf\/Sdf3ed75f652b4138a982ca14910db480n.jpg?width=1080&amp;height=1350&amp;hash=2430\" alt=\"undefiniert\" width=\"790\" height=\"987.5\"><\/p>\n<p><img decoding=\"async\" src=\"https:\/\/ae01.alicdn.com\/kf\/S3cf385f6cb614317a8ff9c6a079b49d3q.jpg?width=1069&amp;height=1053&amp;hash=2122\" alt=\"undefiniert\" width=\"790\" height=\"778.1758652946679\"><\/p>\n<p><img decoding=\"async\" src=\"https:\/\/ae01.alicdn.com\/kf\/S1e5107e4c90f4e4d9c4dc7ce00da435bL.jpg?width=1080&amp;height=1241&amp;hash=2321\" alt=\"undefiniert\" width=\"790\" height=\"907.7685185185186\"><\/p>\n<p align=\"center\"><strong><span style=\"font-family: simsun; font-size: 26.0pt; color: #ff00ff;\"><img decoding=\"async\" src=\"https:\/\/ae01.alicdn.com\/kf\/S3501370b616742ea9e3dff3eb78e84b0p.jpg?width=1080&amp;height=1350&amp;hash=2430\" alt=\"undefiniert\" width=\"790\" height=\"987.5\"><\/span><\/strong><\/p>\n<p><img decoding=\"async\" src=\"https:\/\/ae01.alicdn.com\/kf\/Sf45f07113ab74c92a4f4206d136417d50.jpg?width=811&amp;height=912&amp;hash=1723\" alt=\"undefiniert\" width=\"790\" height=\"888.3847102342787\"><\/p>\n<p align=\"center\"><strong><span style=\"font-family: simsun; font-size: 26.0pt; color: #ff00ff;\"><img decoding=\"async\" src=\"https:\/\/ae01.alicdn.com\/kf\/Sdf543c2035994162b3f2071eca98a2cfA.jpg?width=776&amp;height=850&amp;hash=1626\"><\/span><\/strong><\/p>\n<p align=\"center\"><span style=\"font-family: simsun; font-size: 26.0pt;\"><span style=\"font-size: 26.0pt;\"> <\/span><\/span><\/p>\n<p><img decoding=\"async\" src=\"https:\/\/ae01.alicdn.com\/kf\/S5fd954c9c8844198a600231a119e8d0de.jpg?width=1225&amp;height=1473&amp;hash=2698\" alt=\"undefiniert\" width=\"790\" height=\"949.934693877551\"><\/p>\n<p align=\"center\"><img decoding=\"async\" src=\"https:\/\/ae01.alicdn.com\/kf\/S9df51291e58f44c9947f1c50a09fdb8cC.jpg?width=1920&amp;height=1845&amp;hash=3765\" alt=\"undefiniert\" width=\"790\" height=\"759.140625\"><\/p>\n<p><img decoding=\"async\" src=\"https:\/\/ae01.alicdn.com\/kf\/Sd4841f4f02ec4ebe9ca3d37778293d4cb.jpg?width=1920&amp;height=1774&amp;hash=3694\" alt=\"undefiniert\" width=\"790\" height=\"729.9270833333333\"><\/p>\n<p><img decoding=\"async\" src=\"https:\/\/ae01.alicdn.com\/kf\/S5ed62f5be16a429e8b589e474a362c83Z.jpg?width=1920&amp;height=1898&amp;hash=3818\" alt=\"undefiniert\" width=\"790\" height=\"780.9479166666666\"><\/p>\n<p><img decoding=\"async\" src=\"https:\/\/ae01.alicdn.com\/kf\/Sa22b8764168d4a96a36e877c6294429cp.jpg?width=1920&amp;height=1883&amp;hash=3803\" alt=\"undefiniert\" width=\"790\" height=\"774.7760416666666\"><\/p>\n<p><img decoding=\"async\" src=\"https:\/\/ae01.alicdn.com\/kf\/S74a176ad5a2f44a6a9d417f5609798a74.jpg?width=1920&amp;height=1795&amp;hash=3715\" alt=\"undefiniert\" width=\"790\" height=\"738.5677083333333\"><\/p>\n<p align=\"center\"><span style=\"font-family: simsun; font-size: 26.0pt;\"><img decoding=\"async\" src=\"https:\/\/ae01.alicdn.com\/kf\/S226653a57fa641ebac34f6149167e4095.jpg?width=1212&amp;height=1337&amp;hash=2549\" alt=\"B21-2\" width=\"790\" height=\"871.4768976897689\"><\/span><\/p>\n<p><img decoding=\"async\" src=\"https:\/\/ae01.alicdn.com\/kf\/Sf7a7fb44e176494aae7ee9c71519189bt.jpg?width=1193&amp;height=1521&amp;hash=2714\" alt=\"undefiniert\" width=\"790\" height=\"1007.2003352891869\"><\/p>\n<p align=\"center\"><span style=\"font-family: simsun; font-size: 26.0pt;\"><br \/>\n<img decoding=\"async\" src=\"https:\/\/ae01.alicdn.com\/kf\/Sca214ffb15744fb9a190634ea021f288v.jpg?width=1920&amp;height=1872&amp;hash=3792\" alt=\"undefiniert\" width=\"790\" height=\"770.25\"><\/span><\/p>\n<p align=\"center\"><span style=\"font-family: simsun; font-size: 26.0pt;\"><img decoding=\"async\" src=\"https:\/\/ae01.alicdn.com\/kf\/S47c9e7a9c62447e6a020a5a15eb99815P.jpg?width=1605&amp;height=1857&amp;hash=3462\" alt=\"B22-3\" width=\"790\" height=\"914.0373831775701\"><\/span><\/p>\n<p align=\"center\"><span style=\"font-family: simsun; font-size: 26.0pt;\"><img decoding=\"async\" src=\"https:\/\/ae01.alicdn.com\/kf\/S8bcce40dcfa24d0bb73c1a7c78f8667bv.jpg?width=1920&amp;height=1774&amp;hash=3694\" alt=\"undefiniert\" width=\"790\" height=\"729.9270833333333\"><\/span><\/p>\n<p align=\"center\"><span style=\"font-family: simsun; font-size: 26.0pt;\"><img decoding=\"async\" src=\"https:\/\/ae01.alicdn.com\/kf\/Se6f4a58fea9d4e608f3826d085f1fa09v.jpg?width=1886&amp;height=1920&amp;hash=3806\" alt=\"undefiniert\" width=\"790\" height=\"804.2417815482503\"><\/span><\/p>\n<p><img decoding=\"async\" src=\"https:\/\/ae01.alicdn.com\/kf\/Seda572c3629c4619a9412a35d028f8eap.jpg?width=931&amp;height=994&amp;hash=1925\" width=\"790\" height=\"843.4586466165414\"><\/p>\n<p><img decoding=\"async\" src=\"https:\/\/ae01.alicdn.com\/kf\/Se40c6b2cf04f41b584a689e02f496628P.jpg?width=819&amp;height=927&amp;hash=1746\" width=\"790\" height=\"894.1758241758242\"><\/p>\n<p><img loading=\"lazy\" decoding=\"async\" src=\"https:\/\/ae01.alicdn.com\/kf\/Se07e85bac16641eda33b091a03805f1fD.jpg?width=817&amp;height=817&amp;hash=1634\" width=\"790\" height=\"790\"><\/p>\n<p><img decoding=\"async\" src=\"https:\/\/ae01.alicdn.com\/kf\/Sc612741fe8e3499696d7a4eb078ff2e3S.jpg?width=810&amp;height=871&amp;hash=1681\" alt=\"undefiniert\" width=\"790\" height=\"849.4938271604939\"><\/p>\n<p><img decoding=\"async\" src=\"https:\/\/ae01.alicdn.com\/kf\/Sb732f2ceb2304da68db5ab5afbec76f7F.jpg?width=1730&amp;height=1920&amp;hash=3650\" alt=\"undefiniert\" width=\"790\" height=\"876.7630057803468\"><\/p>\n<p><img decoding=\"async\" src=\"https:\/\/ae01.alicdn.com\/kf\/S9c0c1bd6172449b7aca852d3a25305bcD.jpg?width=1773&amp;height=1920&amp;hash=3693\" alt=\"undefiniert\" width=\"790\" height=\"855.4991539763113\"><\/p>\n<p align=\"center\">\n<\/div>\n<\/div>\n","protected":false},"excerpt":{"rendered":"<p>Entdecken Sie den neuen Sunset and Swim Zipper Zip Up Swimsuit. Dieser leichte Badeanzug ist besonders weich und verf\u00fcgt \u00fcber einen durchgehenden Rei\u00dfverschluss f\u00fcr einfaches Tragen und ein traumhaftes Design, das einen umwerfenden Look kreiert. Genie\u00dfen Sie unvergleichlichen Komfort und subtile Raffinesse mit dem Sunset and Swim Zipper Zip Up Swimsuit. \ud83d\udc49 Entdecken Sie weitere [&hellip;]<\/p>\n","protected":false},"featured_media":443381,"comment_status":"open","ping_status":"closed","template":"","meta":[],"product_brand":[],"product_cat":[8623,8625,8654,8661],"product_tag":[],"class_list":{"0":"post-443379","1":"product","2":"type-product","3":"status-publish","4":"has-post-thumbnail","6":"product_cat-alle-bademode","7":"product_cat-alle-produkte","8":"product_cat-badeanzuge","9":"product_cat-badeanzuge-mit-reisverschluss","11":"first","12":"instock","13":"sale","14":"shipping-taxable","15":"purchasable","16":"product-type-variable"},"_links":{"self":[{"href":"https:\/\/sunsetandswim.com\/de\/wp-json\/wp\/v2\/product\/443379","targetHints":{"allow":["GET"]}}],"collection":[{"href":"https:\/\/sunsetandswim.com\/de\/wp-json\/wp\/v2\/product"}],"about":[{"href":"https:\/\/sunsetandswim.com\/de\/wp-json\/wp\/v2\/types\/product"}],"replies":[{"embeddable":true,"href":"https:\/\/sunsetandswim.com\/de\/wp-json\/wp\/v2\/comments?post=443379"}],"wp:featuredmedia":[{"embeddable":true,"href":"https:\/\/sunsetandswim.com\/de\/wp-json\/wp\/v2\/media\/443381"}],"wp:attachment":[{"href":"https:\/\/sunsetandswim.com\/de\/wp-json\/wp\/v2\/media?parent=443379"}],"wp:term":[{"taxonomy":"product_brand","embeddable":true,"href":"https:\/\/sunsetandswim.com\/de\/wp-json\/wp\/v2\/product_brand?post=443379"},{"taxonomy":"product_cat","embeddable":true,"href":"https:\/\/sunsetandswim.com\/de\/wp-json\/wp\/v2\/product_cat?post=443379"},{"taxonomy":"product_tag","embeddable":true,"href":"https:\/\/sunsetandswim.com\/de\/wp-json\/wp\/v2\/product_tag?post=443379"}],"curies":[{"name":"wp","href":"https:\/\/api.w.org\/{rel}","templated":true}]}}