{"id":446603,"date":"2025-05-08T00:18:36","date_gmt":"2025-05-08T00:18:36","guid":{"rendered":"https:\/\/sunsetandswim.com\/products\/cherry-bombshell-bikini-set\/"},"modified":"2025-12-07T23:57:38","modified_gmt":"2025-12-07T21:57:38","slug":"cherry-bombshell-bikini-set","status":"publish","type":"product","link":"https:\/\/sunsetandswim.com\/de\/products\/cherry-bombshell-bikini-set\/","title":{"rendered":"Cherry Bombshell Bikini Set"},"content":{"rendered":"<p data-start=\"414\" data-end=\"762\">S\u00fc\u00df, frech und absolut unwiderstehlich &#8211; das <strong data-start=\"458\" data-end=\"482\">Cherry Bombshell Bikini Set<\/strong> ist ein Muss f\u00fcr den Sommer. Dieses 3-teilige Set besteht aus einem Triangel-Bikini-Oberteil, einer ultrahoch geschnittenen, frechen Hose und einem kurzen T-Shirt mit Kirsch-Print f\u00fcr Strandspazierg\u00e4nge und Insta-Fotos. Perfekt zum Faulenzen am Pool oder um im Urlaub ein Statement abzugeben. Sie werden sich s\u00fc\u00df, selbstbewusst und 100% unvergesslich f\u00fchlen.   <\/p>\n<p data-start=\"764\" data-end=\"897\">\ud83c\udf52 3-in-1-Set: Oberteil, Unterteil &amp; abgeschnittenes T-Shirt<br data-start=\"804\" data-end=\"807\">\ud83d\udd25 Frecher Schnitt mit hohem Bein<br data-start=\"829\" data-end=\"832\">\u2600\ufe0f Weiches Stretch-Material<br data-start=\"854\" data-end=\"857\">\ud83c\udf34 Perfekt f\u00fcr Sommer, Reisen, Festivals<\/p>\n<div class=\"detailmodule_html\">\n<div class=\"detail-desc-decorate-richtext\">\n<div class=\"detailmodule_text\">\n<p class=\"detail-desc-decorate-title\" style=\"font-family: OpenSans; font-size: 20px; font-weight: 900; line-height: 28px; color: #000000; margin-bottom: 12px;\">\n<\/div>\n<div class=\"detailmodule_image\"><img decoding=\"async\" class=\"detail-desc-decorate-image\" src=\"https:\/\/ae01.alicdn.com\/kf\/S71de13d019cb45a4b5ac79700a451877C.jpg\" data-src=\"https:\/\/ae01.alicdn.com\/kf\/S71de13d019cb45a4b5ac79700a451877C.jpg\"><br \/>\n<img decoding=\"async\" class=\"detail-desc-decorate-image\" src=\"https:\/\/ae01.alicdn.com\/kf\/See680ee41da74d2b9b4cd4e2dce67540V.jpg\" data-src=\"https:\/\/ae01.alicdn.com\/kf\/See680ee41da74d2b9b4cd4e2dce67540V.jpg\"><br \/>\n<img decoding=\"async\" class=\"detail-desc-decorate-image\" src=\"https:\/\/ae01.alicdn.com\/kf\/Sd5ad10186b374f0399f17d9dd69f5013Q.jpg\" data-src=\"https:\/\/ae01.alicdn.com\/kf\/Sd5ad10186b374f0399f17d9dd69f5013Q.jpg\"><br \/>\n<img decoding=\"async\" class=\"detail-desc-decorate-image\" src=\"https:\/\/ae01.alicdn.com\/kf\/S67f308e9f9cb415c9cc86ce7953377bcZ.jpg\" data-src=\"https:\/\/ae01.alicdn.com\/kf\/S67f308e9f9cb415c9cc86ce7953377bcZ.jpg\"><br \/>\n<img decoding=\"async\" class=\"detail-desc-decorate-image\" src=\"https:\/\/ae01.alicdn.com\/kf\/S482646274c174f3eb57725f196d77503U.jpg\" data-src=\"https:\/\/ae01.alicdn.com\/kf\/S482646274c174f3eb57725f196d77503U.jpg\"><br \/>\n<img decoding=\"async\" class=\"detail-desc-decorate-image\" src=\"https:\/\/ae01.alicdn.com\/kf\/S51b82dc9bb394f2e9dce6226a7979a72s.jpg\" data-src=\"https:\/\/ae01.alicdn.com\/kf\/S51b82dc9bb394f2e9dce6226a7979a72s.jpg\"><br \/>\n<img decoding=\"async\" class=\"detail-desc-decorate-image\" src=\"https:\/\/ae01.alicdn.com\/kf\/Sa9703907df304625a80307d7fd25dfbfq.jpg\" data-src=\"https:\/\/ae01.alicdn.com\/kf\/Sa9703907df304625a80307d7fd25dfbfq.jpg\"><\/div>\n<p>&nbsp;<\/p>\n<\/div>\n<\/div>\n","protected":false},"excerpt":{"rendered":"<p>S\u00fc\u00df, frech und absolut unwiderstehlich &#8211; das Cherry Bombshell Bikini Set ist ein Muss f\u00fcr den Sommer. Dieses 3-teilige Set besteht aus einem Triangel-Bikini-Oberteil, einer ultrahoch geschnittenen, frechen Hose und einem kurzen T-Shirt mit Kirsch-Print f\u00fcr Strandspazierg\u00e4nge und Insta-Fotos. Perfekt zum Faulenzen am Pool oder um im Urlaub ein Statement abzugeben. Sie werden sich s\u00fc\u00df, [&hellip;]<\/p>\n","protected":false},"featured_media":440851,"comment_status":"open","ping_status":"closed","template":"","meta":[],"product_brand":[],"product_cat":[8623,8625,8622,8626,8672,8671,8658,8659,8660],"product_tag":[],"class_list":{"0":"post-446603","1":"product","2":"type-product","3":"status-publish","4":"has-post-thumbnail","6":"product_cat-alle-bademode","7":"product_cat-alle-produkte","8":"product_cat-bestseller","9":"product_cat-bikinis","10":"product_cat-brasilianische-und-freche-bikinis","11":"product_cat-kirschen-bademode","12":"product_cat-micro-bikinis","13":"product_cat-micro-kinis","14":"product_cat-neu-und-im-trend","16":"first","17":"instock","18":"sale","19":"shipping-taxable","20":"purchasable","21":"product-type-variable"},"_links":{"self":[{"href":"https:\/\/sunsetandswim.com\/de\/wp-json\/wp\/v2\/product\/446603","targetHints":{"allow":["GET"]}}],"collection":[{"href":"https:\/\/sunsetandswim.com\/de\/wp-json\/wp\/v2\/product"}],"about":[{"href":"https:\/\/sunsetandswim.com\/de\/wp-json\/wp\/v2\/types\/product"}],"replies":[{"embeddable":true,"href":"https:\/\/sunsetandswim.com\/de\/wp-json\/wp\/v2\/comments?post=446603"}],"wp:featuredmedia":[{"embeddable":true,"href":"https:\/\/sunsetandswim.com\/de\/wp-json\/wp\/v2\/media\/440851"}],"wp:attachment":[{"href":"https:\/\/sunsetandswim.com\/de\/wp-json\/wp\/v2\/media?parent=446603"}],"wp:term":[{"taxonomy":"product_brand","embeddable":true,"href":"https:\/\/sunsetandswim.com\/de\/wp-json\/wp\/v2\/product_brand?post=446603"},{"taxonomy":"product_cat","embeddable":true,"href":"https:\/\/sunsetandswim.com\/de\/wp-json\/wp\/v2\/product_cat?post=446603"},{"taxonomy":"product_tag","embeddable":true,"href":"https:\/\/sunsetandswim.com\/de\/wp-json\/wp\/v2\/product_tag?post=446603"}],"curies":[{"name":"wp","href":"https:\/\/api.w.org\/{rel}","templated":true}]}}