{"id":446729,"date":"2025-05-09T17:29:09","date_gmt":"2025-05-09T17:29:09","guid":{"rendered":"https:\/\/sunsetandswim.com\/products\/sadie-zweiteiliges-gehaekeltes-strandoberteil-boho-gehaekeltes-strandtuch-set\/"},"modified":"2025-05-09T17:29:09","modified_gmt":"2025-05-09T17:29:09","slug":"sadie-zweiteiliges-gehaekeltes-strandoberteil-boho-gehaekeltes-strandtuch-set","status":"publish","type":"product","link":"https:\/\/sunsetandswim.com\/de\/products\/sadie-zweiteiliges-gehaekeltes-strandoberteil-boho-gehaekeltes-strandtuch-set\/","title":{"rendered":"Sadie Zweiteiliges geh\u00e4keltes Strandoberteil, Boho geh\u00e4keltes Strandtuch Set"},"content":{"rendered":"<h2 class=\"\" data-sourcepos=\"1:1-1:64\">Entspannen Sie sich in b\u00f6hmischer Gl\u00fcckseligkeit mit dem zweiteiligen H\u00e4kelset Sadie<\/h2>\n<p data-sourcepos=\"3:1-3:294\">Zelebrieren Sie Ihre innere Strandg\u00f6ttin mit dem Sadie, einem bezaubernden zweiteiligen H\u00e4kelset, das exklusiven Boho-Charme verspr\u00fcht. Dieses zarte, handgeh\u00e4kelte Set mit weichem, atmungsaktivem Griff besteht aus einem stilvollen Crop-Top und einem flie\u00dfenden Cover-up-Rock, der mit verschlungenen Mustern verziert ist, die Insel-Vibes verspr\u00fchen. <\/p>\n<p data-sourcepos=\"5:1-5:189\">Dieses vielseitige Set eignet sich perfekt zum Faulenzen am Pool, f\u00fcr einen Strandspaziergang oder um Ihren Sommerabenteuern einen Hauch von Boh\u00e8me-Flair zu verleihen und wird zu Ihrem Lieblingsst\u00fcck f\u00fcr sonnenverw\u00f6hnte Tage.<\/p>\n<p data-sourcepos=\"7:1-7:99\"><strong>Lassen Sie sich vom Sadie-Geist anstecken und erleben Sie den ultimativen Boh\u00e8me-Strand-Stil. Kaufen Sie es noch heute! <\/strong><\/p>\n<p><strong data-start=\"52\" data-end=\"63\">Gr\u00f6\u00dfe:<\/strong> Der Rock wird in einer Einheitsgr\u00f6\u00dfe geliefert. W\u00e4hlen Sie einfach Ihre bevorzugte Oberteilgr\u00f6\u00dfe und Farbe. <\/p>\n<p>Material: Baumwolle<\/p>\n<p><img decoding=\"async\" src=\"https:\/\/ae01.alicdn.com\/kf\/H5172fb8cce3c4729be5daf0881ad340ar.jpg\"><img decoding=\"async\" src=\"https:\/\/ae01.alicdn.com\/kf\/Hccaad72554e14e6ca0a5ff96a1457d11X.jpg\"><img decoding=\"async\" src=\"https:\/\/ae01.alicdn.com\/kf\/H795b7d29e4da4e43903dfe767f94bf86t.jpg\"><img decoding=\"async\" src=\"https:\/\/ae01.alicdn.com\/kf\/H14b77f03b2cb4ae3b881de38d8bfb4c4u.jpg\"><img decoding=\"async\" src=\"https:\/\/ae01.alicdn.com\/kf\/H351e406a69a74e0889982e90c781935bV.jpg\"><img decoding=\"async\" src=\"https:\/\/ae01.alicdn.com\/kf\/H5b5004ec51c049b0b6ee83fa07c82e1aB.jpg\"><\/p>\n","protected":false},"excerpt":{"rendered":"<p>Entspannen Sie sich in b\u00f6hmischer Gl\u00fcckseligkeit mit dem zweiteiligen H\u00e4kelset Sadie Zelebrieren Sie Ihre innere Strandg\u00f6ttin mit dem Sadie, einem bezaubernden zweiteiligen H\u00e4kelset, das exklusiven Boho-Charme verspr\u00fcht. Dieses zarte, handgeh\u00e4kelte Set mit weichem, atmungsaktivem Griff besteht aus einem stilvollen Crop-Top und einem flie\u00dfenden Cover-up-Rock, der mit verschlungenen Mustern verziert ist, die Insel-Vibes verspr\u00fchen. Dieses vielseitige [&hellip;]<\/p>\n","protected":false},"featured_media":446735,"comment_status":"open","ping_status":"closed","template":"","meta":[],"product_brand":[],"product_cat":[8625,8622,8685,8677,8679,8683,8662,8664],"product_tag":[],"class_list":{"0":"post-446729","1":"product","2":"type-product","3":"status-publish","4":"has-post-thumbnail","6":"product_cat-alle-produkte","7":"product_cat-bestseller","8":"product_cat-boho-bademode","9":"product_cat-gehakelte-bademode","10":"product_cat-gehaekelte-strandtops","11":"product_cat-haekel-strandkleider-coverups","12":"product_cat-strandkleider","13":"product_cat-suse-bikinis-badeanzuge","15":"first","16":"instock","17":"sale","18":"shipping-taxable","19":"purchasable","20":"product-type-variable"},"_links":{"self":[{"href":"https:\/\/sunsetandswim.com\/de\/wp-json\/wp\/v2\/product\/446729","targetHints":{"allow":["GET"]}}],"collection":[{"href":"https:\/\/sunsetandswim.com\/de\/wp-json\/wp\/v2\/product"}],"about":[{"href":"https:\/\/sunsetandswim.com\/de\/wp-json\/wp\/v2\/types\/product"}],"replies":[{"embeddable":true,"href":"https:\/\/sunsetandswim.com\/de\/wp-json\/wp\/v2\/comments?post=446729"}],"wp:featuredmedia":[{"embeddable":true,"href":"https:\/\/sunsetandswim.com\/de\/wp-json\/wp\/v2\/media\/446735"}],"wp:attachment":[{"href":"https:\/\/sunsetandswim.com\/de\/wp-json\/wp\/v2\/media?parent=446729"}],"wp:term":[{"taxonomy":"product_brand","embeddable":true,"href":"https:\/\/sunsetandswim.com\/de\/wp-json\/wp\/v2\/product_brand?post=446729"},{"taxonomy":"product_cat","embeddable":true,"href":"https:\/\/sunsetandswim.com\/de\/wp-json\/wp\/v2\/product_cat?post=446729"},{"taxonomy":"product_tag","embeddable":true,"href":"https:\/\/sunsetandswim.com\/de\/wp-json\/wp\/v2\/product_tag?post=446729"}],"curies":[{"name":"wp","href":"https:\/\/api.w.org\/{rel}","templated":true}]}}